{"id":16659,"date":"2020-07-01T11:37:09","date_gmt":"2020-07-01T10:37:09","guid":{"rendered":"https:\/\/hlb.md\/home\/"},"modified":"2023-07-03T13:40:16","modified_gmt":"2023-07-03T12:40:16","slug":"principala","status":"publish","type":"page","link":"https:\/\/www.hlb.md\/ro\/","title":{"rendered":"Principala"},"content":{"rendered":"<div id=\"cs-content\" class=\"cs-content\"><\/div>\n","protected":false},"excerpt":{"rendered":"<p>HLB a primit premiul &#8222;Re\u021beaua anului 2022&#8221; Suntem m\u00e2ndri s\u0103 fim recunoscu\u021bi de c\u0103tre Forumul Interna\u021bional de Contabilitate cu acest premiu prestigios. Mai multe detalii: \u00cempotriva \u0219anselor: Cum pl\u0103nuiesc liderii europeni s\u0103 inoveze Sondaj HLB \u00een r\u00e2ndul liderilor de afaceri 2022 &#8211; perspective europene Mai multe detalii: Moldova IT Park: impozit unic de 7% pe veniturile din v\u00e2nz\u0103ri Afla\u021bi mai &#8230; <a href=\"https:\/\/www.hlb.md\/ro\/\" class=\"more-link\">Read More<\/a><\/p>\n","protected":false},"author":1,"featured_media":0,"parent":0,"menu_order":0,"comment_status":"closed","ping_status":"closed","template":"template-blank-4.php","meta":{"_acf_changed":false,"_monsterinsights_skip_tracking":false,"_monsterinsights_sitenote_active":false,"_monsterinsights_sitenote_note":"","_monsterinsights_sitenote_category":0,"footnotes":""},"class_list":["post-16659","page","type-page","status-publish","hentry","no-post-thumbnail"],"acf":[],"aioseo_notices":[],"_links":{"self":[{"href":"https:\/\/www.hlb.md\/ro\/wp-json\/wp\/v2\/pages\/16659","targetHints":{"allow":["GET"]}}],"collection":[{"href":"https:\/\/www.hlb.md\/ro\/wp-json\/wp\/v2\/pages"}],"about":[{"href":"https:\/\/www.hlb.md\/ro\/wp-json\/wp\/v2\/types\/page"}],"author":[{"embeddable":true,"href":"https:\/\/www.hlb.md\/ro\/wp-json\/wp\/v2\/users\/1"}],"replies":[{"embeddable":true,"href":"https:\/\/www.hlb.md\/ro\/wp-json\/wp\/v2\/comments?post=16659"}],"version-history":[{"count":142,"href":"https:\/\/www.hlb.md\/ro\/wp-json\/wp\/v2\/pages\/16659\/revisions"}],"predecessor-version":[{"id":17064,"href":"https:\/\/www.hlb.md\/ro\/wp-json\/wp\/v2\/pages\/16659\/revisions\/17064"}],"wp:attachment":[{"href":"https:\/\/www.hlb.md\/ro\/wp-json\/wp\/v2\/media?parent=16659"}],"curies":[{"name":"wp","href":"https:\/\/api.w.org\/{rel}","templated":true}]}}