{"id":16334,"date":"2018-09-15T10:10:19","date_gmt":"2018-09-15T09:10:19","guid":{"rendered":"https:\/\/hlb.md\/meet-our-leadership-team\/"},"modified":"2022-12-09T17:07:30","modified_gmt":"2022-12-09T17:07:30","slug":"echipa-noastra-de-conducere","status":"publish","type":"page","link":"https:\/\/www.hlb.md\/ro\/echipa-noastra-de-conducere\/","title":{"rendered":"Echipa noastr\u0103"},"content":{"rendered":"<div id=\"cs-content\" class=\"cs-content\"><\/div>\n","protected":false},"excerpt":{"rendered":"<p>Echipa HLB MoldovaPrincipalii speciali\u0219ti Iurie Bor\u0219ciManaging Partner 16 februarie 2019 Raisa CasapAudit Partner HLB Moldova 4 august 2022 Svetlana EnacheOutsourcing Director 16 februarie 2019 Olga PilipovichDigitizing Director 16 februarie 2019 Contacta\u021bi exper\u021bii HLB MoldovaOricare ar fi \u00eentrebarea dumneavoastr\u0103, echipa noastr\u0103 v\u0103 va \u00eendruma \u00een direc\u021bia cea corect\u0103.Ini\u021bia\u021bi conversa\u021bia<\/p>\n","protected":false},"author":1,"featured_media":0,"parent":0,"menu_order":0,"comment_status":"closed","ping_status":"closed","template":"template-blank-4.php","meta":{"_acf_changed":false,"_monsterinsights_skip_tracking":false,"_monsterinsights_sitenote_active":false,"_monsterinsights_sitenote_note":"","_monsterinsights_sitenote_category":0,"footnotes":""},"class_list":["post-16334","page","type-page","status-publish","hentry","no-post-thumbnail"],"acf":[],"aioseo_notices":[],"_links":{"self":[{"href":"https:\/\/www.hlb.md\/ro\/wp-json\/wp\/v2\/pages\/16334","targetHints":{"allow":["GET"]}}],"collection":[{"href":"https:\/\/www.hlb.md\/ro\/wp-json\/wp\/v2\/pages"}],"about":[{"href":"https:\/\/www.hlb.md\/ro\/wp-json\/wp\/v2\/types\/page"}],"author":[{"embeddable":true,"href":"https:\/\/www.hlb.md\/ro\/wp-json\/wp\/v2\/users\/1"}],"replies":[{"embeddable":true,"href":"https:\/\/www.hlb.md\/ro\/wp-json\/wp\/v2\/comments?post=16334"}],"version-history":[{"count":41,"href":"https:\/\/www.hlb.md\/ro\/wp-json\/wp\/v2\/pages\/16334\/revisions"}],"predecessor-version":[{"id":16809,"href":"https:\/\/www.hlb.md\/ro\/wp-json\/wp\/v2\/pages\/16334\/revisions\/16809"}],"wp:attachment":[{"href":"https:\/\/www.hlb.md\/ro\/wp-json\/wp\/v2\/media?parent=16334"}],"curies":[{"name":"wp","href":"https:\/\/api.w.org\/{rel}","templated":true}]}}